{"id":246,"date":"2017-09-26T11:25:52","date_gmt":"2017-09-26T11:25:52","guid":{"rendered":"https:\/\/hirekin.net?page_id=246"},"modified":"2017-11-13T15:26:12","modified_gmt":"2017-11-13T15:26:12","slug":"misioa","status":"publish","type":"page","link":"https:\/\/hirekin.net\/eu\/misioa\/","title":{"rendered":"Misioa"},"content":{"rendered":"\t\t<div data-elementor-type=\"wp-page\" data-elementor-id=\"246\" class=\"elementor elementor-246 elementor-9 elementor-bc-flex-widget\">\n\t\t\t\t\t\t<section class=\"elementor-section elementor-top-section elementor-element elementor-element-zzutrbv elementor-section-boxed elementor-section-height-default elementor-section-height-default\" data-id=\"zzutrbv\" data-element_type=\"section\" data-e-type=\"section\">\n\t\t\t\t\t\t<div class=\"elementor-container elementor-column-gap-default\">\n\t\t\t\t\t<div class=\"elementor-column elementor-col-100 elementor-top-column elementor-element elementor-element-flcrywy\" data-id=\"flcrywy\" data-element_type=\"column\" data-e-type=\"column\">\n\t\t\t<div class=\"elementor-widget-wrap elementor-element-populated\">\n\t\t\t\t\t\t<div class=\"elementor-element elementor-element-ospxauc elementor-widget elementor-widget-text-editor\" data-id=\"ospxauc\" data-element_type=\"widget\" data-e-type=\"widget\" data-widget_type=\"text-editor.default\">\n\t\t\t\t<div class=\"elementor-widget-container\">\n\t\t\t\t\t\t\t\t\t<div class=\"csc-header csc-header-n1\">Elkartekideen ordezkari izatea, beren lanbide-, lan-, ekonomia-, gizarte-, lege- eta kultura-interesak, gizabanakoarenak nahiz taldearenak,defendatzeko eta sustatzeko helburuarekin.<\/div><div class=\"csc-textpic-text\"><ul><li>Gizarte-ekimena, gizartegintzako zerbitzuak kudeatzeko modurikonena bezala sustatzea.<\/li><li>Euskal Autonomia Erkidegoko hirugarren sektorea sustatu etaantolatzeko lan egitea.<\/li><li>Gizarte-ekimenezko gizartegintza, jarduera ekonomikoko sektore bezala egituratzeko behar izango direnlegegintza-aldaketak sustatzea.<\/li><\/ul><p><strong>Finalidad general de Hirekin<\/strong><\/p><p>Establecer las condiciones necesarias que permitan a las organizaciones miembro un desarrollo y desempe\u00f1o \u00f3ptimo de sus finalidades, siendo los puntos de partida: la regulaci\u00f3n de las relaciones laborales, la interlocuci\u00f3n, el desarrollo profesional y \u00e9tico, as\u00ed como la mejora de los procesos de gesti\u00f3n.<\/p><p><strong>Finalidades respecto de las entidades destinatarias<\/strong><\/p><ul><li>Posicionamiento, recursos y soporte.<\/li><li>Interlocuci\u00f3n y reconocimiento.<\/li><li>Regulaci\u00f3n del marco laboral en el \u00e1mbito del Tercer Sector de Intervenci\u00f3n Social.<\/li><\/ul><p style=\"text-align: center;\"><strong>HIREKIN Estrategiak <\/strong><\/p><\/div>\t\t\t\t\t\t\t\t<\/div>\n\t\t\t\t<\/div>\n\t\t\t\t<div class=\"elementor-element elementor-element-mfmpesw elementor-widget elementor-widget-image\" data-id=\"mfmpesw\" data-element_type=\"widget\" data-e-type=\"widget\" data-widget_type=\"image.default\">\n\t\t\t\t<div class=\"elementor-widget-container\">\n\t\t\t\t\t\t\t\t\t\t\t\t\t\t\t<img fetchpriority=\"high\" decoding=\"async\" width=\"691\" height=\"691\" src=\"https:\/\/hirekin.net\/wp-content\/uploads\/2017\/09\/1-EU-estrategiasHIREKIN.jpg\" class=\"attachment-medium_large size-medium_large wp-image-496\" alt=\"\" srcset=\"https:\/\/hirekin.net\/wp-content\/uploads\/2017\/09\/1-EU-estrategiasHIREKIN.jpg 691w, https:\/\/hirekin.net\/wp-content\/uploads\/2017\/09\/1-EU-estrategiasHIREKIN-150x150.jpg 150w, https:\/\/hirekin.net\/wp-content\/uploads\/2017\/09\/1-EU-estrategiasHIREKIN-300x300.jpg 300w\" sizes=\"(max-width: 691px) 100vw, 691px\" \/>\t\t\t\t\t\t\t\t\t\t\t\t\t\t\t<\/div>\n\t\t\t\t<\/div>\n\t\t\t\t\t<\/div>\n\t\t<\/div>\n\t\t\t\t\t<\/div>\n\t\t<\/section>\n\t\t\t\t<section class=\"elementor-section elementor-top-section elementor-element elementor-element-yqavsvm elementor-section-boxed elementor-section-height-default elementor-section-height-default\" data-id=\"yqavsvm\" data-element_type=\"section\" data-e-type=\"section\">\n\t\t\t\t\t\t<div class=\"elementor-container elementor-column-gap-default\">\n\t\t\t\t\t<div class=\"elementor-column elementor-col-100 elementor-top-column elementor-element elementor-element-kzbkroc\" data-id=\"kzbkroc\" data-element_type=\"column\" data-e-type=\"column\">\n\t\t\t<div class=\"elementor-widget-wrap elementor-element-populated\">\n\t\t\t\t\t\t<div class=\"elementor-element elementor-element-esvfilb elementor-widget elementor-widget-text-editor\" data-id=\"esvfilb\" data-element_type=\"widget\" data-e-type=\"widget\" data-widget_type=\"text-editor.default\">\n\t\t\t\t<div class=\"elementor-widget-container\">\n\t\t\t\t\t\t\t\t\t<p style=\"text-align: center;\"><strong>AISA-GIZARDATZ-HEDATZEN Estrategiak<br \/><\/strong><\/p>\t\t\t\t\t\t\t\t<\/div>\n\t\t\t\t<\/div>\n\t\t\t\t<div class=\"elementor-element elementor-element-igzttpw elementor-widget elementor-widget-image\" data-id=\"igzttpw\" data-element_type=\"widget\" data-e-type=\"widget\" data-widget_type=\"image.default\">\n\t\t\t\t<div class=\"elementor-widget-container\">\n\t\t\t\t\t\t\t\t\t\t\t\t\t\t\t<img decoding=\"async\" width=\"691\" height=\"691\" src=\"https:\/\/hirekin.net\/wp-content\/uploads\/2017\/09\/2-EU-estrategiasentidades2.jpg\" class=\"attachment-medium_large size-medium_large wp-image-497\" alt=\"\" srcset=\"https:\/\/hirekin.net\/wp-content\/uploads\/2017\/09\/2-EU-estrategiasentidades2.jpg 691w, https:\/\/hirekin.net\/wp-content\/uploads\/2017\/09\/2-EU-estrategiasentidades2-150x150.jpg 150w, https:\/\/hirekin.net\/wp-content\/uploads\/2017\/09\/2-EU-estrategiasentidades2-300x300.jpg 300w\" sizes=\"(max-width: 691px) 100vw, 691px\" \/>\t\t\t\t\t\t\t\t\t\t\t\t\t\t\t<\/div>\n\t\t\t\t<\/div>\n\t\t\t\t\t<\/div>\n\t\t<\/div>\n\t\t\t\t\t<\/div>\n\t\t<\/section>\n\t\t\t\t<section class=\"elementor-section elementor-top-section elementor-element elementor-element-2tkghxr elementor-section-boxed elementor-section-height-default elementor-section-height-default\" data-id=\"2tkghxr\" data-element_type=\"section\" data-e-type=\"section\">\n\t\t\t\t\t\t<div class=\"elementor-container elementor-column-gap-default\">\n\t\t\t\t\t<div class=\"elementor-column elementor-col-100 elementor-top-column elementor-element elementor-element-3xz8bnj\" data-id=\"3xz8bnj\" data-element_type=\"column\" data-e-type=\"column\">\n\t\t\t<div class=\"elementor-widget-wrap elementor-element-populated\">\n\t\t\t\t\t\t<div class=\"elementor-element elementor-element-k4tq24u elementor-widget elementor-widget-text-editor\" data-id=\"k4tq24u\" data-element_type=\"widget\" data-e-type=\"widget\" data-widget_type=\"text-editor.default\">\n\t\t\t\t<div class=\"elementor-widget-container\">\n\t\t\t\t\t\t\t\t\t<p><strong>Hartzaileak, pertsonak eta taldeak:<\/strong><br \/> &#8211; Gizarte-babesik eza<br \/> &#8211; Gizarte-bazterketa<br \/> &#8211; Hezkuntza-aisia eta Gizarte- eta kultura-animazioa<\/p>\t\t\t\t\t\t\t\t<\/div>\n\t\t\t\t<\/div>\n\t\t\t\t\t<\/div>\n\t\t<\/div>\n\t\t\t\t\t<\/div>\n\t\t<\/section>\n\t\t\t\t<\/div>\n\t\t","protected":false},"excerpt":{"rendered":"<p>Elkartekideen ordezkari izatea, beren lanbide-, lan-, ekonomia-, gizarte-, lege- eta kultura-interesak, gizabanakoarenak nahiz taldearenak,defendatzeko eta sustatzeko helburuarekin. Gizarte-ekimena, gizartegintzako zerbitzuak kudeatzeko modurikonena bezala sustatzea. Euskal Autonomia Erkidegoko hirugarren sektorea sustatu etaantolatzeko lan egitea. Gizarte-ekimenezko gizartegintza, jarduera ekonomikoko sektore bezala egituratzeko behar izango direnlegegintza-aldaketak sustatzea. Finalidad general de Hirekin Establecer las condiciones necesarias que permitan a &#8230; <a title=\"Misioa\" class=\"read-more\" href=\"https:\/\/hirekin.net\/eu\/misioa\/\" aria-label=\"Read more about Misioa\">Read more<\/a><\/p>\n","protected":false},"author":4,"featured_media":0,"parent":0,"menu_order":1,"comment_status":"closed","ping_status":"closed","template":"","meta":{"footnotes":""},"class_list":["post-246","page","type-page","status-publish"],"_links":{"self":[{"href":"https:\/\/hirekin.net\/eu\/wp-json\/wp\/v2\/pages\/246","targetHints":{"allow":["GET"]}}],"collection":[{"href":"https:\/\/hirekin.net\/eu\/wp-json\/wp\/v2\/pages"}],"about":[{"href":"https:\/\/hirekin.net\/eu\/wp-json\/wp\/v2\/types\/page"}],"author":[{"embeddable":true,"href":"https:\/\/hirekin.net\/eu\/wp-json\/wp\/v2\/users\/4"}],"replies":[{"embeddable":true,"href":"https:\/\/hirekin.net\/eu\/wp-json\/wp\/v2\/comments?post=246"}],"version-history":[{"count":0,"href":"https:\/\/hirekin.net\/eu\/wp-json\/wp\/v2\/pages\/246\/revisions"}],"wp:attachment":[{"href":"https:\/\/hirekin.net\/eu\/wp-json\/wp\/v2\/media?parent=246"}],"curies":[{"name":"wp","href":"https:\/\/api.w.org\/{rel}","templated":true}]}}